{"id":648,"date":"2023-03-06T09:18:54","date_gmt":"2023-03-06T08:18:54","guid":{"rendered":"http:\/\/www.helppox.com\/owt\/?page_id=648"},"modified":"2023-03-06T09:25:12","modified_gmt":"2023-03-06T08:25:12","slug":"vaalikone-2","status":"publish","type":"page","link":"https:\/\/www.helppox.com\/owt\/vaalikone-2\/","title":{"rendered":"L\u00f6yd\u00e4 ehdokkaasi"},"content":{"rendered":"\n<div class=\"forminator-guttenberg\"><form id=\"forminator-module-634\" class=\"forminator-quiz forminator-quiz-634\" method=\"post\" data-forminator-render=\"0\" data-uid=\"6a09874ecefb6\">\n\t\t\t\t\t<h3 class=\"forminator-quiz--title\">Vaalikone<\/h3>\n\t\t\n\t\t\n\t\t\t\t\t<div class=\"forminator-quiz--description\">Helppox.com Vaalikone auttaa p\u00e4\u00e4tt\u00e4m\u00e4\u00e4n mit\u00e4 piirt\u00e4\u00e4 vaalilippuun.<\/div>\n\t\t\n\t\t<\/form><\/div>\n","protected":false},"excerpt":{"rendered":"","protected":false},"author":2,"featured_media":642,"parent":0,"menu_order":0,"comment_status":"closed","ping_status":"closed","template":"","meta":{"footnotes":""},"class_list":["post-648","page","type-page","status-publish","has-post-thumbnail","hentry"],"_links":{"self":[{"href":"https:\/\/www.helppox.com\/owt\/wp-json\/wp\/v2\/pages\/648","targetHints":{"allow":["GET"]}}],"collection":[{"href":"https:\/\/www.helppox.com\/owt\/wp-json\/wp\/v2\/pages"}],"about":[{"href":"https:\/\/www.helppox.com\/owt\/wp-json\/wp\/v2\/types\/page"}],"author":[{"embeddable":true,"href":"https:\/\/www.helppox.com\/owt\/wp-json\/wp\/v2\/users\/2"}],"replies":[{"embeddable":true,"href":"https:\/\/www.helppox.com\/owt\/wp-json\/wp\/v2\/comments?post=648"}],"version-history":[{"count":2,"href":"https:\/\/www.helppox.com\/owt\/wp-json\/wp\/v2\/pages\/648\/revisions"}],"predecessor-version":[{"id":650,"href":"https:\/\/www.helppox.com\/owt\/wp-json\/wp\/v2\/pages\/648\/revisions\/650"}],"wp:featuredmedia":[{"embeddable":true,"href":"https:\/\/www.helppox.com\/owt\/wp-json\/wp\/v2\/media\/642"}],"wp:attachment":[{"href":"https:\/\/www.helppox.com\/owt\/wp-json\/wp\/v2\/media?parent=648"}],"curies":[{"name":"wp","href":"https:\/\/api.w.org\/{rel}","templated":true}]}}